{"id":6,"date":"2024-03-18T16:08:22","date_gmt":"2024-03-18T13:08:22","guid":{"rendered":"http:\/\/jeanmonnet.29mayis.edu.tr\/coaware\/?page_id=6"},"modified":"2024-03-27T11:23:38","modified_gmt":"2024-03-27T08:23:38","slug":"homepage","status":"publish","type":"page","link":"https:\/\/jeanmonnet.29mayis.edu.tr\/coaware\/","title":{"rendered":"Homepage"},"content":{"rendered":"\n<div class=\"wp-block-group alignfull\"><div class=\"wp-block-group__inner-container is-layout-constrained wp-block-group-is-layout-constrained\">\n\n\n\n\n<div class=\"container-wrapper bg-light-home py-4 inset_shadow\"> \n        <div class=\"container\"> \n\t\t<div class=\"row\">\n\t\t<div class=\"home_news col-md-12 my-4\">\n\t\t\t<header class=\"home_header\">\n\t\t\t\t<span>News<\/span>\n\t\t\t\t<a href=\"https:\/\/jeanmonnet.29mayis.edu.tr\/coaware\/category\/news\/\" class=\"badge\">All News<\/a>\n\t\t\t<\/header>\n\t\t\t<ul class=\"row\"><li class=\"col-12 col-md-6 col-lg-3 pr-0\">\n\t\t\t<a href=\"https:\/\/jeanmonnet.29mayis.edu.tr\/coaware\/jean-monnet-professor-ozgur-unal-eris-visit-to-he-ambassador-ahmet-basar-sen\/\" class=\"text-decoration-none\">\n\t\t\t\t<header>\n        \t\t\t<picture>\n                        <source media=\"(max-width: 990px)\" srcset=\"https:\/\/jeanmonnet.29mayis.edu.tr\/coaware\/wp-content\/uploads\/sites\/2\/2024\/03\/slider-32_copy1-1200x379.jpg\">\n                        <source media=\"(min-width: 991px)\" srcset=\"https:\/\/jeanmonnet.29mayis.edu.tr\/coaware\/wp-content\/uploads\/sites\/2\/2024\/03\/slider-32_copy1-1200x379.jpg\">\n                        <img decoding=\"async\" src=\"https:\/\/jeanmonnet.29mayis.edu.tr\/coaware\/wp-content\/uploads\/sites\/2\/2024\/03\/slider-32_copy1-1200x379.jpg\" alt=\"\">\n                    <\/picture>\n                    <h6 class=\"mt-2 mb-0\">Jean Monnet Professor \u00d6zg\u00fcr \u00dcnal Eri\u015f\u2019 visit to HE Ambassador Ahmet Ba\u015far \u015een<\/h6>\n\t\t\t\t<\/header>\n\t\t\t<\/a>\n\t    <\/li><li class=\"col-12 col-md-6 col-lg-3 pr-0\">\n\t\t\t<a href=\"https:\/\/jeanmonnet.29mayis.edu.tr\/coaware\/jean-monnet-professor-ozgur-unal-eris-and-our-team-members-prof-michelangelo-guida-and-dr-selen-artan-gave-a-talk-to-the-robert-college-students\/\" class=\"text-decoration-none\">\n\t\t\t\t<header>\n        \t\t\t<picture>\n                        <source media=\"(max-width: 990px)\" srcset=\"https:\/\/jeanmonnet.29mayis.edu.tr\/coaware\/wp-content\/uploads\/sites\/2\/2024\/03\/slider-31_copy11-1200x379.jpg\">\n                        <source media=\"(min-width: 991px)\" srcset=\"https:\/\/jeanmonnet.29mayis.edu.tr\/coaware\/wp-content\/uploads\/sites\/2\/2024\/03\/slider-31_copy11-1200x379.jpg\">\n                        <img decoding=\"async\" src=\"https:\/\/jeanmonnet.29mayis.edu.tr\/coaware\/wp-content\/uploads\/sites\/2\/2024\/03\/slider-31_copy11-1200x379.jpg\" alt=\"\">\n                    <\/picture>\n                    <h6 class=\"mt-2 mb-0\">Jean Monnet Professor\u00a0\u00d6zg\u00fcr \u00dcnal Eri\u015f and Our Team Members Prof.\u00a0Michelangelo Guida and Dr. Selen Artan Gave a Talk to the Robert College Students<\/h6>\n\t\t\t\t<\/header>\n\t\t\t<\/a>\n\t    <\/li><li class=\"col-12 col-md-6 col-lg-3 pr-0\">\n\t\t\t<a href=\"https:\/\/jeanmonnet.29mayis.edu.tr\/coaware\/jean-monnet-professor-ozgur-unal-eris-visited-aydan-ozoguz-vice-president-of-german-bundestag\/\" class=\"text-decoration-none\">\n\t\t\t\t<header>\n        \t\t\t<picture>\n                        <source media=\"(max-width: 990px)\" srcset=\"https:\/\/jeanmonnet.29mayis.edu.tr\/coaware\/wp-content\/uploads\/sites\/2\/2024\/03\/slider-30_copy1-1200x379.jpg\">\n                        <source media=\"(min-width: 991px)\" srcset=\"https:\/\/jeanmonnet.29mayis.edu.tr\/coaware\/wp-content\/uploads\/sites\/2\/2024\/03\/slider-30_copy1-1200x379.jpg\">\n                        <img decoding=\"async\" src=\"https:\/\/jeanmonnet.29mayis.edu.tr\/coaware\/wp-content\/uploads\/sites\/2\/2024\/03\/slider-30_copy1-1200x379.jpg\" alt=\"\">\n                    <\/picture>\n                    <h6 class=\"mt-2 mb-0\">Jean Monnet Professor \u00d6zg\u00fcr \u00dcnal Eri\u015f Visited Aydan \u00d6zo\u011fuz Vice-President of German Bundestag<\/h6>\n\t\t\t\t<\/header>\n\t\t\t<\/a>\n\t    <\/li><li class=\"col-12 col-md-6 col-lg-3 pr-0\">\n\t\t\t<a href=\"https:\/\/jeanmonnet.29mayis.edu.tr\/coaware\/jean-monnet-professor-ozgur-unal-eris-visited-gyde-jensen-member-of-german-bundestag-from-fdp\/\" class=\"text-decoration-none\">\n\t\t\t\t<header>\n        \t\t\t<picture>\n                        <source media=\"(max-width: 990px)\" srcset=\"https:\/\/jeanmonnet.29mayis.edu.tr\/coaware\/wp-content\/uploads\/sites\/2\/2024\/03\/slider-29_copy1-1200x379.jpg\">\n                        <source media=\"(min-width: 991px)\" srcset=\"https:\/\/jeanmonnet.29mayis.edu.tr\/coaware\/wp-content\/uploads\/sites\/2\/2024\/03\/slider-29_copy1-1200x379.jpg\">\n                        <img decoding=\"async\" src=\"https:\/\/jeanmonnet.29mayis.edu.tr\/coaware\/wp-content\/uploads\/sites\/2\/2024\/03\/slider-29_copy1-1200x379.jpg\" alt=\"\">\n                    <\/picture>\n                    <h6 class=\"mt-2 mb-0\">Jean Monnet Professor \u00d6zg\u00fcr \u00dcnal Eri\u015f Visited Gyde Jensen, Member of German Bundestag from FDP<\/h6>\n\t\t\t\t<\/header>\n\t\t\t<\/a>\n\t    <\/li><\/ul> <\/div> <\/div> <\/div> <\/div>\n\n\n\n<div class=\"container-wrapper bg-dark-home py-4 inset_shadow\"> \n        <div class=\"container\"> \n\t\t<div class=\"row\">\n\t\t<div class=\"col-lg-12 home_events my-4\">\n\t\t\t<header class=\"home_header\">\n\t\t\t\t<span>Events<\/span>\n\t\t\t\t<a href=\"https:\/\/jeanmonnet.29mayis.edu.tr\/coaware\/category\/event\/\" class=\"badge\">All Events<\/a>\n\t\t\t<\/header>\n\t\t\t<ul class=\"row p-0 m-0\"><li class=\"col-12 col-lg-3 py-2 past-event\">\n            <a href=\"https:\/\/jeanmonnet.29mayis.edu.tr\/coaware\/eu-awareness-relations-and-co-operation\/\">\n                <div class=\"tarih\">\n                    <span class=\"gun\">8<\/span>\n                    <span class=\"ay\">Jun<\/span>\n                <\/div>\n                <div class=\"detay\">\n                    <h3>EU Awareness, Relations and Co-operation<\/h3>\n                    <span><\/span>\n                <\/div>\n            <\/a>\n        <\/li><li class=\"col-12 col-lg-3 py-2 past-event\">\n            <a href=\"https:\/\/jeanmonnet.29mayis.edu.tr\/coaware\/turkiye-eu-relations-after-the-elections-and-reflections-on-future-of-the-eu\/\">\n                <div class=\"tarih\">\n                    <span class=\"gun\">5<\/span>\n                    <span class=\"ay\">Jun<\/span>\n                <\/div>\n                <div class=\"detay\">\n                    <h3>T\u00fcrkiye \u2013 EU Relations after the Elections and Reflections on Future of the EU<\/h3>\n                    <span><\/span>\n                <\/div>\n            <\/a>\n        <\/li><li class=\"col-12 col-lg-3 py-2 past-event\">\n            <a href=\"https:\/\/jeanmonnet.29mayis.edu.tr\/coaware\/jean-monnet-chair-webinar-series-eu-awareness-relations-and-co-operation\/\">\n                <div class=\"tarih\">\n                    <span class=\"gun\">5<\/span>\n                    <span class=\"ay\">Apr<\/span>\n                <\/div>\n                <div class=\"detay\">\n                    <h3>Jean Monnet Chair Webinar Series: EU Awareness, Relations and Co-operation<\/h3>\n                    <span>Dr. Selen Artan, Assoc. Prof. Dr. O\u011fuzhan G\u00f6ksel<\/span>\n                <\/div>\n            <\/a>\n        <\/li><li class=\"col-12 col-lg-3 py-2 past-event\">\n            <a href=\"https:\/\/jeanmonnet.29mayis.edu.tr\/coaware\/turkiye-eu-relations-in-the-changing-security-framework-perspective-of-austria\/\">\n                <div class=\"tarih\">\n                    <span class=\"gun\">13<\/span>\n                    <span class=\"ay\">Jun<\/span>\n                <\/div>\n                <div class=\"detay\">\n                    <h3>T\u00fcrkiye &#8211; EU Relations in the Changing Security Framework: Perspective of Austria<\/h3>\n                    <span>H.E. Ozan Ceyhun<\/span>\n                <\/div>\n            <\/a>\n        <\/li><\/ul> <\/div> <\/div> <\/div> <\/div>\n<\/div><\/div>\n","protected":false},"excerpt":{"rendered":"","protected":false},"author":1,"featured_media":0,"parent":0,"menu_order":0,"comment_status":"closed","ping_status":"closed","template":"","meta":{"footnotes":""},"class_list":["post-6","page","type-page","status-publish","hentry"],"_links":{"self":[{"href":"https:\/\/jeanmonnet.29mayis.edu.tr\/coaware\/wp-json\/wp\/v2\/pages\/6","targetHints":{"allow":["GET"]}}],"collection":[{"href":"https:\/\/jeanmonnet.29mayis.edu.tr\/coaware\/wp-json\/wp\/v2\/pages"}],"about":[{"href":"https:\/\/jeanmonnet.29mayis.edu.tr\/coaware\/wp-json\/wp\/v2\/types\/page"}],"author":[{"embeddable":true,"href":"https:\/\/jeanmonnet.29mayis.edu.tr\/coaware\/wp-json\/wp\/v2\/users\/1"}],"replies":[{"embeddable":true,"href":"https:\/\/jeanmonnet.29mayis.edu.tr\/coaware\/wp-json\/wp\/v2\/comments?post=6"}],"version-history":[{"count":13,"href":"https:\/\/jeanmonnet.29mayis.edu.tr\/coaware\/wp-json\/wp\/v2\/pages\/6\/revisions"}],"predecessor-version":[{"id":279,"href":"https:\/\/jeanmonnet.29mayis.edu.tr\/coaware\/wp-json\/wp\/v2\/pages\/6\/revisions\/279"}],"wp:attachment":[{"href":"https:\/\/jeanmonnet.29mayis.edu.tr\/coaware\/wp-json\/wp\/v2\/media?parent=6"}],"curies":[{"name":"wp","href":"https:\/\/api.w.org\/{rel}","templated":true}]}}