{"id":11,"date":"2024-03-28T13:48:20","date_gmt":"2024-03-28T10:48:20","guid":{"rendered":"http:\/\/jeanmonnet.29mayis.edu.tr\/impeutus\/?page_id=11"},"modified":"2024-04-26T17:39:37","modified_gmt":"2024-04-26T14:39:37","slug":"about-us","status":"publish","type":"page","link":"https:\/\/jeanmonnet.29mayis.edu.tr\/impeutus\/about-us\/","title":{"rendered":"About Us"},"content":{"rendered":"\n<p>Jean Monnet is considered one of the founding fathers of the European Union. Jean Monnet Chairs named after him are given to university professors who have shown tremendous effort and excellence in their careers on matters related to EU. They are awarded as the highest recognition of a sign of prestige in&nbsp;research, teaching and dissemination activities&nbsp;by the European Union.<\/p>\n\n\n\n<p>The Department of Political Science and International Relations (DPSIR) of \u0130stanbul 29 May\u0131s University is already known to be contributing vividly to facilitation of T\u00fcrkiye-European Union (EU) relations in the current stagnated state through implementing a module system where students choose EU module among others to specifically focus on many aspects of the European integration process. The department members are internationally renowned, having PhDs from European universities, which provides a good background to the study of the European contribution to T\u00fcrkiye. Professor \u00d6zg\u00fcr \u00dcNAL-ER\u0130\u015e&nbsp;who was awarded a Jean Monnet Chair in European Integration by the European Commission with her project dedicated to the theme of&nbsp;EU Awareness, Relations and Cooperation (COAWARE)&nbsp;in 2020, aims to create an important impact on European studies through teaching BA and MA courses like External Relations of the EU and History and Politics of European Integration and through hosting various seminars, webinars, workshops and meetings with the main aim of creating a bridge between academics, civil society experts and high level policy-makers across Turkey and Europe. The main aim of raising and promoting awareness on European Union is not only targeting students, but it is also targeting public in general. This JM Chair intends to provide a platform for this aim for the years between 2020-2023 by using Istanbul 29 May\u0131s University as the main venue. This project is all supported by the&nbsp;Erasmus+ Programme of the European Commission.<\/p>\n\n\n\n<p>The main aim of this project is to measure \u2018the impact of EU policies, institutional structures and norms on T\u00fcrkiye, and how these norms influence decision making processes towards migrants and women\u2019. To reach the objective, three core courses are designed within the European module. Additionally, three workshops will be organised at the end of each academic year for three consecutive years, followed by the participation of the Chair applicant and the member of the staff in one international conference each year and the submission of their presentations for publication in a prestigious journal.<\/p>\n\n\n\n<p>As a result of the project, we aim to increase the quality of the teaching activities at \u0130stanbul 29 Mayis University and to increase knowledge about the EU and its norm shaping potential through migration and gender policies within the Turkish public, youth in particular. DPSIR students are future policy makers, bureaucrats, practitioners, civil society and local government representatives, and will be trained at various topics concerning the EU: Migration policies, Gender mainstreaming, the EU Politics and Institutions, and T\u00fcrkiye\u2013EU relations. The&nbsp; project will increase the visibility of the EU module in \u0130stanbul 29 May\u0131s University. This is particularly important in a period of skepticism and declining efforts for T\u00fcrkiye\u2019s integration with Europe; developments which have recently resulted in a recorded decline of support from universities in T\u00fcrkiye.<\/p>\n","protected":false},"excerpt":{"rendered":"<p>Jean Monnet is considered one of the founding fathers of the European Union. Jean Monnet Chairs named after him are given to university professors who have shown tremendous effort and excellence in their careers on matters related to EU. They are awarded as the highest recognition of a sign of prestige in&nbsp;research, teaching and dissemination [&hellip;]<\/p>\n","protected":false},"author":1,"featured_media":0,"parent":0,"menu_order":0,"comment_status":"closed","ping_status":"closed","template":"","meta":{"footnotes":""},"class_list":["post-11","page","type-page","status-publish","hentry"],"_links":{"self":[{"href":"https:\/\/jeanmonnet.29mayis.edu.tr\/impeutus\/wp-json\/wp\/v2\/pages\/11","targetHints":{"allow":["GET"]}}],"collection":[{"href":"https:\/\/jeanmonnet.29mayis.edu.tr\/impeutus\/wp-json\/wp\/v2\/pages"}],"about":[{"href":"https:\/\/jeanmonnet.29mayis.edu.tr\/impeutus\/wp-json\/wp\/v2\/types\/page"}],"author":[{"embeddable":true,"href":"https:\/\/jeanmonnet.29mayis.edu.tr\/impeutus\/wp-json\/wp\/v2\/users\/1"}],"replies":[{"embeddable":true,"href":"https:\/\/jeanmonnet.29mayis.edu.tr\/impeutus\/wp-json\/wp\/v2\/comments?post=11"}],"version-history":[{"count":2,"href":"https:\/\/jeanmonnet.29mayis.edu.tr\/impeutus\/wp-json\/wp\/v2\/pages\/11\/revisions"}],"predecessor-version":[{"id":46,"href":"https:\/\/jeanmonnet.29mayis.edu.tr\/impeutus\/wp-json\/wp\/v2\/pages\/11\/revisions\/46"}],"wp:attachment":[{"href":"https:\/\/jeanmonnet.29mayis.edu.tr\/impeutus\/wp-json\/wp\/v2\/media?parent=11"}],"curies":[{"name":"wp","href":"https:\/\/api.w.org\/{rel}","templated":true}]}}