{"id":21,"date":"2024-03-28T13:49:46","date_gmt":"2024-03-28T10:49:46","guid":{"rendered":"http:\/\/jeanmonnet.29mayis.edu.tr\/impeutus\/?page_id=21"},"modified":"2024-04-29T11:35:01","modified_gmt":"2024-04-29T08:35:01","slug":"team","status":"publish","type":"page","link":"https:\/\/jeanmonnet.29mayis.edu.tr\/impeutus\/team\/","title":{"rendered":"Team"},"content":{"rendered":"\n<div class=\"card mb-3\">\n    <div class=\"row no-gutters\">\n        <div class=\"col-md-3\"><img decoding=\"async\" class=\"w-100\" src=\"https:\/\/filehost.29mayis.edu.tr\/upload\/2019\/10\/10\/zgur-unal-eris_200x250at.jpg\" alt=\"...\" \/><\/div>\n        <div class=\"col-md-9\">\n            <div class=\"card-body\">\n                <h5 class=\"card-title\">Prof. Dr. \u00d6zg\u00fcr \u00dcnal Eri\u015f<\/h5>\n                <p class=\"card-text\"><em>Chairholder<\/em><\/p>\n                <p class=\"card-text\"><em>Jean Monnet Chair on EU Awareness, Relations and Cooperation<\/em><\/p>\n                <p class=\"card-text\">Prof. Dr. \u00d6zg\u00fcr \u00dcnal-Eri\u015f  acts as the Chair holder of the Jean Monnet Chair. She received her BA from Political Science and International Relations Department in Bo\u011fazi\u00e7i University, her postgraduate degree in European Studies in University of Exeter\u2019s Centre of European Studies in United Kingdom and her PhD from the Department of Government in University of Essex in the UK. She taught at Bah\u00e7e\u015fehir University Department of EU Studies between 2001-2015. Since 2015, she has been teaching full time at Department of Political Science and International Relations in \u0130stanbul 29 May\u0131s University. She specializes on illegal migration, T\u00fcrkiye-EU relations and impact of EU on democratisation of T\u00fcrkiye. Her recent publications include Revisiting Secularism in Theory and Practice from Springer Publishing and Political Economy of Muslim Countries from Cambridge Scholars Publishing. \u00dcnal-Eri\u015f has also embarked upon several training and educational seminars dedicated to create awareness about the EU within the public. Her course \u201cFreedom, Security and Justice\u201d was a Jean Monnet module between 2012-2015. She holds the title of Jean Monnet Chair between September 2020-2023.<\/p>\n            <\/div>\n        <\/div>\n    <\/div>\n<\/div>\n<div class=\"card mb-3\">\n    <div class=\"row no-gutters\">\n        <div class=\"col-md-3\">\n<img decoding=\"async\" class=\"w-100\" src=\"https:\/\/filehost.29mayis.edu.tr\/upload\/2021\/06\/23\/merve-ku-tu-k-kuris_250x250at.jpg\" alt=\"...\" \/>\n<\/div>\n        <div class=\"col-md-9\">\n            <div class=\"card-body\">\n                <h5 class=\"card-title\">Prof. Dr. Merve K\u00fct\u00fck- Kuri\u015f<\/h5>\n                <p class=\"card-text\"><em>Chair Member<\/em><\/p>\n                <p class=\"card-text\">Assist. Prof. Merve K\u00fct\u00fck-Kuri\u015f  acts as a senior expert in Jean Monnet Chair. She has a BA degree in Political Science and Sociology from Istanbul Bilgi University, a M.Phil. degree in Political Theory from the University of Oxford and a PhD in Politics from the School of Oriental and African Studies (SOAS), University of London. She received her assistant professorship status in 2021, and taught undergraduate and graduate courses on politics, gender, social movements and Islam. Her latest ethnographic study of transformations of gender relations in contemporary T\u00fcrkiye received the 2018 \u015eirin Tekeli Research Award by Sabanc\u0131 University \u2013 Gender and Women\u2019s Studies Center of Excellence. K\u00fct\u00fck-Kuri\u015f has published in edited collections and peer-reviewed journals, including Women\u2019s Studies International Forum, Journal of Middle East Women\u2019s Studies, and Religions. She is currently completing her first monograph Refashioning Muslims: Women Between the New Conservatism and Neoliberalism in Istanbul under contract with the Edinburgh University Press.<\/p>\n            <\/div>\n        <\/div>\n    <\/div>\n<\/div>\n<div class=\"card mb-3\">\n    <div class=\"row no-gutters\">\n        <div class=\"col-md-3\"><img decoding=\"async\" class=\"w-100\" src=\"https:\/\/filehost.29mayis.edu.tr\/upload\/2021\/06\/09\/kubra-sahin_250x250at.jpg\" alt=\"...\" \/><\/div>\n        <div class=\"col-md-9\">\n            <div class=\"card-body\">\n                <h5 class=\"card-title\">K\u00fcbra \u015eahin<\/h5>\n                <p class=\"card-text\"><em>Chair Assistant<\/em><\/p>\n                <p class=\"card-text\">Research Asistant K\u00fcbra \u015eahin acts as a Chair assistant. She received her bachelor degree in Political Science and International Relations from Istanbul 29 May\u0131s University in 2019 and received her master degree in International Relations from Marmara University. As of today, she is PHD student in the department of Political Science and International Relations in \u0130stanbul University. She speaks Turkish, English and basic French.<\/p>\n            <\/div>\n        <\/div>\n    <\/div>\n<\/div>\n\n","protected":false},"excerpt":{"rendered":"<p>Prof. Dr. \u00d6zg\u00fcr \u00dcnal Eri\u015f Chairholder Jean Monnet Chair on EU Awareness, Relations and Cooperation Prof. Dr. \u00d6zg\u00fcr \u00dcnal-Eri\u015f acts as the Chair holder of the Jean Monnet Chair. She received her BA from Political Science and International Relations Department in Bo\u011fazi\u00e7i University, her postgraduate degree in European Studies in University of Exeter\u2019s Centre of [&hellip;]<\/p>\n","protected":false},"author":1,"featured_media":0,"parent":0,"menu_order":0,"comment_status":"closed","ping_status":"closed","template":"","meta":{"footnotes":""},"class_list":["post-21","page","type-page","status-publish","hentry"],"_links":{"self":[{"href":"https:\/\/jeanmonnet.29mayis.edu.tr\/impeutus\/wp-json\/wp\/v2\/pages\/21","targetHints":{"allow":["GET"]}}],"collection":[{"href":"https:\/\/jeanmonnet.29mayis.edu.tr\/impeutus\/wp-json\/wp\/v2\/pages"}],"about":[{"href":"https:\/\/jeanmonnet.29mayis.edu.tr\/impeutus\/wp-json\/wp\/v2\/types\/page"}],"author":[{"embeddable":true,"href":"https:\/\/jeanmonnet.29mayis.edu.tr\/impeutus\/wp-json\/wp\/v2\/users\/1"}],"replies":[{"embeddable":true,"href":"https:\/\/jeanmonnet.29mayis.edu.tr\/impeutus\/wp-json\/wp\/v2\/comments?post=21"}],"version-history":[{"count":4,"href":"https:\/\/jeanmonnet.29mayis.edu.tr\/impeutus\/wp-json\/wp\/v2\/pages\/21\/revisions"}],"predecessor-version":[{"id":66,"href":"https:\/\/jeanmonnet.29mayis.edu.tr\/impeutus\/wp-json\/wp\/v2\/pages\/21\/revisions\/66"}],"wp:attachment":[{"href":"https:\/\/jeanmonnet.29mayis.edu.tr\/impeutus\/wp-json\/wp\/v2\/media?parent=21"}],"curies":[{"name":"wp","href":"https:\/\/api.w.org\/{rel}","templated":true}]}}