{"id":23,"date":"2024-03-28T13:50:38","date_gmt":"2024-03-28T10:50:38","guid":{"rendered":"http:\/\/jeanmonnet.29mayis.edu.tr\/impeutus\/?page_id=23"},"modified":"2024-03-28T13:51:26","modified_gmt":"2024-03-28T10:51:26","slug":"contact","status":"publish","type":"page","link":"https:\/\/jeanmonnet.29mayis.edu.tr\/impeutus\/contact\/","title":{"rendered":"Contact"},"content":{"rendered":"\n<div class=\"row no-gutters bg-light \">\n                <div class=\"col-12\">\n                    <h3 class=\"mt-3 ml-3\">\u00dcmraniye Elmal\u0131kent Main Campus<\/h3>\n                <\/div>\n                <div class=\"col-12\">\n                    <div class=\"h-100\">\n                        <iframe loading=\"lazy\" width=\"100%\" height=\"366\" frameborder=\"0\" style=\"border:0\" src=\"https:\/\/www.google.com\/maps\/embed\/v1\/place?q=29%20may%C4%B1s%20elmal%C4%B1kent%20ana%20&amp;key=AIzaSyCe1Xk0CyjyJq7ZgRKrEgXYvKQPQ7J0vKA\" allowfullscreen=\"\"><\/iframe>\n                    <\/div>\n                <\/div>\n                <div class=\"col-12\">\n                    <table class=\"table table-striped table-bordered w-100 mb-0\" width=\"100%\">\n                        <tbody>\n                        <tr>\n                            <td class=\"font-weight-bold text-right\">Address:<\/td>\n                            <td>\n                                <div class=\"mb-1\">Elmal\u0131kent Mah. Elmal\u0131kent Cad. No:4 34764<\/div>\n                                \u00dcmraniye \/ \u0130STANBUL\n                            <\/td>\n                        <\/tr>\n                        <tr>\n                            <td class=\"font-weight-bold text-right\">Telephone:<\/td>\n                            <td>+90 216 474 08 60<\/td>\n                        <\/tr>\n                        <tr>\n                            <td class=\"font-weight-bold text-right\">Fax:<\/td>\n                            <td>+90 216 474 08 75<\/td>\n                        <\/tr>\n                        <tr>\n                            <td class=\"font-weight-bold text-right\">E-Mail:<\/td>\n                            <td>\n                                <a href=\"mailto:chair.jeanmonnet@29mayis.edu.tr\">chair.jeanmonnet@29mayis.edu.tr<\/a>\n                            <\/td>\n                        <\/tr>\n                        <\/tbody>\n                    <\/table>\n                <\/div>\n            <\/div>\n\n\n\n\n<div class=\"wpcf7 no-js\" id=\"wpcf7-f9-o1\" lang=\"en-US\" dir=\"ltr\" data-wpcf7-id=\"9\">\n<div class=\"screen-reader-response\"><p role=\"status\" aria-live=\"polite\" aria-atomic=\"true\"><\/p> <ul><\/ul><\/div>\n<form action=\"\/impeutus\/wp-json\/wp\/v2\/pages\/23#wpcf7-f9-o1\" method=\"post\" class=\"wpcf7-form init\" aria-label=\"Contact form\" novalidate=\"novalidate\" data-status=\"init\">\n<fieldset class=\"hidden-fields-container\"><input type=\"hidden\" name=\"_wpcf7\" value=\"9\" \/><input type=\"hidden\" name=\"_wpcf7_version\" value=\"6.1.5\" \/><input type=\"hidden\" name=\"_wpcf7_locale\" value=\"en_US\" \/><input type=\"hidden\" name=\"_wpcf7_unit_tag\" value=\"wpcf7-f9-o1\" \/><input type=\"hidden\" name=\"_wpcf7_container_post\" value=\"0\" \/><input type=\"hidden\" name=\"_wpcf7_posted_data_hash\" value=\"\" \/><input type=\"hidden\" name=\"_wpcf7_recaptcha_response\" value=\"\" \/>\n<\/fieldset>\n<div class=\"bg-light p-1 mb-3 mt-4\" id=\"iletisimblok\">\n\t<h1 class=\"text-center\">Contact with us!\n\t<\/h1>\n\t<p class=\"text-center\">You can contact us directly for any questions, opinions, suggestions and requests.\n\t<\/p>\n\t<div class=\"d-flex flex-column\">\n\t\t<div class=\"align-self-center col-12\">\n\t\t<hr class=\"my-5\" \/>\n\t\t\t<form name=\"iletisimform\" action=\"\" method=\"POST\">\n\t\t\t\t<div class=\"row\">\n\t\t\t\t\t<div class=\"form-group col-md-6\">\n\t\t\t\t\t\t<p><label for=\"name\" class=\"control-label\">Your Name &amp; Surname:<\/label><br \/>\n<span class=\"wpcf7-form-control-wrap\" data-name=\"your-name\"><input size=\"40\" maxlength=\"400\" class=\"wpcf7-form-control wpcf7-text wpcf7-validates-as-required form-control\" id=\"name\" autocomplete=\"name\" aria-required=\"true\" aria-invalid=\"false\" value=\"\" type=\"text\" name=\"your-name\" \/><\/span>\n\t\t\t\t\t\t<\/p>\n\t\t\t\t\t<\/div>\n\t\t\t\t\t<div class=\"form-group col-md-6\">\n\t\t\t\t\t\t<p><label for=\"email\" class=\"control-label\">E-Mail Address:<\/label><br \/>\n<span class=\"wpcf7-form-control-wrap\" data-name=\"your-email\"><input size=\"40\" maxlength=\"400\" class=\"wpcf7-form-control wpcf7-email wpcf7-validates-as-required wpcf7-text wpcf7-validates-as-email form-control\" id=\"email\" autocomplete=\"email\" aria-required=\"true\" aria-invalid=\"false\" value=\"\" type=\"email\" name=\"your-email\" \/><\/span>\n\t\t\t\t\t\t<\/p>\n\t\t\t\t\t<\/div>\n\t\t\t\t\t<div class=\"form-group col-md-12\">\n\t\t\t\t\t\t<p><label for=\"title\" class=\"control-label\">Title of Your Message:<\/label><br \/>\n<span class=\"wpcf7-form-control-wrap\" data-name=\"your-subject\"><input size=\"40\" maxlength=\"400\" class=\"wpcf7-form-control wpcf7-text wpcf7-validates-as-required form-control\" id=\"title\" aria-required=\"true\" aria-invalid=\"false\" value=\"\" type=\"text\" name=\"your-subject\" \/><\/span>\n\t\t\t\t\t\t<\/p>\n\t\t\t\t\t<\/div>\n\t\t\t\t\t<div class=\"form-group col-md-12\">\n\t\t\t\t\t\t<p><label for=\"message\" class=\"control-label\">Your Message:<\/label><br \/>\n<span class=\"wpcf7-form-control-wrap\" data-name=\"your-message\"><textarea cols=\"40\" rows=\"10\" maxlength=\"2000\" class=\"wpcf7-form-control wpcf7-textarea form-control\" id=\"message\" aria-invalid=\"false\" name=\"your-message\"><\/textarea><\/span>\n\t\t\t\t\t\t<\/p>\n\t\t\t\t\t<\/div>\n\t\t\t\t<\/div>\n\t\t\t\t<div class=\"\">\n\t\t\t\t\t<p><input class=\"wpcf7-form-control wpcf7-submit has-spinner\" type=\"submit\" value=\"Send\" \/><br \/>\n\t\t\t\t\t\n\t\t\t\t\t<\/p>\n\t\t\t\t<\/div>\n\t\t\t<\/form>\n\t\t<\/div>\n\t<\/div>\n<\/div><div class=\"wpcf7-response-output\" aria-hidden=\"true\"><\/div>\n<\/form>\n<\/div>\n\n","protected":false},"excerpt":{"rendered":"<p>\u00dcmraniye Elmal\u0131kent Main Campus Address: Elmal\u0131kent Mah. Elmal\u0131kent Cad. No:4 34764 \u00dcmraniye \/ \u0130STANBUL Telephone: +90 216 474 08 60 Fax: +90 216 474 08 75 E-Mail: chair.jeanmonnet@29mayis.edu.tr<\/p>\n","protected":false},"author":1,"featured_media":0,"parent":0,"menu_order":0,"comment_status":"closed","ping_status":"closed","template":"","meta":{"footnotes":""},"class_list":["post-23","page","type-page","status-publish","hentry"],"_links":{"self":[{"href":"https:\/\/jeanmonnet.29mayis.edu.tr\/impeutus\/wp-json\/wp\/v2\/pages\/23","targetHints":{"allow":["GET"]}}],"collection":[{"href":"https:\/\/jeanmonnet.29mayis.edu.tr\/impeutus\/wp-json\/wp\/v2\/pages"}],"about":[{"href":"https:\/\/jeanmonnet.29mayis.edu.tr\/impeutus\/wp-json\/wp\/v2\/types\/page"}],"author":[{"embeddable":true,"href":"https:\/\/jeanmonnet.29mayis.edu.tr\/impeutus\/wp-json\/wp\/v2\/users\/1"}],"replies":[{"embeddable":true,"href":"https:\/\/jeanmonnet.29mayis.edu.tr\/impeutus\/wp-json\/wp\/v2\/comments?post=23"}],"version-history":[{"count":2,"href":"https:\/\/jeanmonnet.29mayis.edu.tr\/impeutus\/wp-json\/wp\/v2\/pages\/23\/revisions"}],"predecessor-version":[{"id":25,"href":"https:\/\/jeanmonnet.29mayis.edu.tr\/impeutus\/wp-json\/wp\/v2\/pages\/23\/revisions\/25"}],"wp:attachment":[{"href":"https:\/\/jeanmonnet.29mayis.edu.tr\/impeutus\/wp-json\/wp\/v2\/media?parent=23"}],"curies":[{"name":"wp","href":"https:\/\/api.w.org\/{rel}","templated":true}]}}