{"id":5,"date":"2024-03-28T08:47:08","date_gmt":"2024-03-28T08:47:08","guid":{"rendered":"http:\/\/jeanmonnet.29mayis.edu.tr\/impeutus\/?page_id=5"},"modified":"2024-03-28T14:30:44","modified_gmt":"2024-03-28T11:30:44","slug":"homepage","status":"publish","type":"page","link":"https:\/\/jeanmonnet.29mayis.edu.tr\/impeutus\/","title":{"rendered":"Homepage"},"content":{"rendered":"\n<div class=\"wp-block-group\"><div class=\"wp-block-group__inner-container is-layout-constrained wp-block-group-is-layout-constrained\">\n\n\n\n\n<div class=\"container-wrapper bg-light-home py-4 inset_shadow\"> \n        <div class=\"container\"> \n\t\t<div class=\"row\">\n\t\t<div class=\"home_news col-md-12 my-4\">\n\t\t\t<header class=\"home_header\">\n\t\t\t\t<span>News<\/span>\n\t\t\t\t<a href=\"https:\/\/jeanmonnet.29mayis.edu.tr\/impeutus\/category\/news\/\" class=\"badge\">All News<\/a>\n\t\t\t<\/header>\n\t\t\t<ul class=\"row\"><li class=\"col-12 col-md-6 col-lg-3 pr-0\">\n\t\t\t<a href=\"https:\/\/jeanmonnet.29mayis.edu.tr\/impeutus\/jmc-professor-ozgur-unal-eris-talked-about-the-future-of-eu-turkey-relations\/\" class=\"text-decoration-none\">\n\t\t\t\t<header>\n        \t\t\t<picture>\n                        <source media=\"(max-width: 990px)\" srcset=\"https:\/\/jeanmonnet.29mayis.edu.tr\/impeutus\/wp-content\/uploads\/sites\/3\/2025\/07\/slider-59-copy-1200x379.jpg\">\n                        <source media=\"(min-width: 991px)\" srcset=\"https:\/\/jeanmonnet.29mayis.edu.tr\/impeutus\/wp-content\/uploads\/sites\/3\/2025\/07\/slider-59-copy-1200x379.jpg\">\n                        <img decoding=\"async\" src=\"https:\/\/jeanmonnet.29mayis.edu.tr\/impeutus\/wp-content\/uploads\/sites\/3\/2025\/07\/slider-59-copy-1200x379.jpg\" alt=\"\">\n                    <\/picture>\n                    <h6 class=\"mt-2 mb-0\">JMC Professor \u00d6zg\u00fcr \u00dcnal Eri\u015f talked about the future of EU\u2013Turkey relations<\/h6>\n\t\t\t\t<\/header>\n\t\t\t<\/a>\n\t    <\/li><li class=\"col-12 col-md-6 col-lg-3 pr-0\">\n\t\t\t<a href=\"https:\/\/jeanmonnet.29mayis.edu.tr\/impeutus\/jmc-professor-ozgur-unal-eris-attended-two-international-events-in-istanbul-last-week\/\" class=\"text-decoration-none\">\n\t\t\t\t<header>\n        \t\t\t<picture>\n                        <source media=\"(max-width: 990px)\" srcset=\"https:\/\/jeanmonnet.29mayis.edu.tr\/impeutus\/wp-content\/uploads\/sites\/3\/2025\/07\/slider-58-copy-1200x379.jpg\">\n                        <source media=\"(min-width: 991px)\" srcset=\"https:\/\/jeanmonnet.29mayis.edu.tr\/impeutus\/wp-content\/uploads\/sites\/3\/2025\/07\/slider-58-copy-1200x379.jpg\">\n                        <img decoding=\"async\" src=\"https:\/\/jeanmonnet.29mayis.edu.tr\/impeutus\/wp-content\/uploads\/sites\/3\/2025\/07\/slider-58-copy-1200x379.jpg\" alt=\"\">\n                    <\/picture>\n                    <h6 class=\"mt-2 mb-0\">JMC Professor \u00d6zg\u00fcr \u00dcnal Eri\u015f attended two international events in Istanbul last week<\/h6>\n\t\t\t\t<\/header>\n\t\t\t<\/a>\n\t    <\/li><li class=\"col-12 col-md-6 col-lg-3 pr-0\">\n\t\t\t<a href=\"https:\/\/jeanmonnet.29mayis.edu.tr\/impeutus\/we-have-successfully-concluded-the-jmc-2025-education-conference\/\" class=\"text-decoration-none\">\n\t\t\t\t<header>\n        \t\t\t<picture>\n                        <source media=\"(max-width: 990px)\" srcset=\"https:\/\/jeanmonnet.29mayis.edu.tr\/impeutus\/wp-content\/uploads\/sites\/3\/2025\/07\/slider-57-copy-1200x379.jpg\">\n                        <source media=\"(min-width: 991px)\" srcset=\"https:\/\/jeanmonnet.29mayis.edu.tr\/impeutus\/wp-content\/uploads\/sites\/3\/2025\/07\/slider-57-copy-1200x379.jpg\">\n                        <img decoding=\"async\" src=\"https:\/\/jeanmonnet.29mayis.edu.tr\/impeutus\/wp-content\/uploads\/sites\/3\/2025\/07\/slider-57-copy-1200x379.jpg\" alt=\"\">\n                    <\/picture>\n                    <h6 class=\"mt-2 mb-0\">We have successfully concluded the JMC 2025 Education Conference<\/h6>\n\t\t\t\t<\/header>\n\t\t\t<\/a>\n\t    <\/li><li class=\"col-12 col-md-6 col-lg-3 pr-0\">\n\t\t\t<a href=\"https:\/\/jeanmonnet.29mayis.edu.tr\/impeutus\/jmc-professor-ozgur-unal-eris-hosted-a-seminar-on-chinas-approach-to-the-trump-era-trade-wars\/\" class=\"text-decoration-none\">\n\t\t\t\t<header>\n        \t\t\t<picture>\n                        <source media=\"(max-width: 990px)\" srcset=\"https:\/\/jeanmonnet.29mayis.edu.tr\/impeutus\/wp-content\/uploads\/sites\/3\/2025\/07\/slider-56-copy-1200x379.jpg\">\n                        <source media=\"(min-width: 991px)\" srcset=\"https:\/\/jeanmonnet.29mayis.edu.tr\/impeutus\/wp-content\/uploads\/sites\/3\/2025\/07\/slider-56-copy-1200x379.jpg\">\n                        <img decoding=\"async\" src=\"https:\/\/jeanmonnet.29mayis.edu.tr\/impeutus\/wp-content\/uploads\/sites\/3\/2025\/07\/slider-56-copy-1200x379.jpg\" alt=\"\">\n                    <\/picture>\n                    <h6 class=\"mt-2 mb-0\">JMC Professor \u00d6zg\u00fcr \u00dcnal Eri\u015f \u00a0hosted a seminar on China\u2019s Approach to the Trump-Era Trade Wars<\/h6>\n\t\t\t\t<\/header>\n\t\t\t<\/a>\n\t    <\/li><\/ul> <\/div> <\/div> <\/div> <\/div>\n\n\n\n<div class=\"container-wrapper bg-dark-home py-4 inset_shadow\"> \n        <div class=\"container\"> \n\t\t<div class=\"row\">\n\t\t<div class=\"col-lg-12 home_events my-4\">\n\t\t\t<header class=\"home_header\">\n\t\t\t\t<span>Events<\/span>\n\t\t\t\t<a href=\"https:\/\/jeanmonnet.29mayis.edu.tr\/impeutus\/category\/event\/\" class=\"badge\">All Events<\/a>\n\t\t\t<\/header>\n\t\t\t<ul class=\"row p-0 m-0\"><li class=\"col-12 col-lg-3 py-2 past-event\">\n            <a href=\"https:\/\/jeanmonnet.29mayis.edu.tr\/impeutus\/the-state-of-gender-politics-in-europe\/\">\n                <div class=\"tarih\">\n                    <span class=\"gun\">3<\/span>\n                    <span class=\"ay\">Jun<\/span>\n                <\/div>\n                <div class=\"detay\">\n                    <h3>The State of Gender Politics in Europe<\/h3>\n                    <span><\/span>\n                <\/div>\n            <\/a>\n        <\/li><li class=\"col-12 col-lg-3 py-2 past-event\">\n            <a href=\"https:\/\/jeanmonnet.29mayis.edu.tr\/impeutus\/germanys-new-defence-and-security-policy-with-new-government\/\">\n                <div class=\"tarih\">\n                    <span class=\"gun\">15<\/span>\n                    <span class=\"ay\">May<\/span>\n                <\/div>\n                <div class=\"detay\">\n                    <h3>Germany&#8217;s New Defence and Security Policy with New Government<\/h3>\n                    <span><\/span>\n                <\/div>\n            <\/a>\n        <\/li><li class=\"col-12 col-lg-3 py-2 past-event\">\n            <a href=\"https:\/\/jeanmonnet.29mayis.edu.tr\/impeutus\/trump-donemi-ticaret-savaslarina-cinin-yaklasimi\/\">\n                <div class=\"tarih\">\n                    <span class=\"gun\">16<\/span>\n                    <span class=\"ay\">May<\/span>\n                <\/div>\n                <div class=\"detay\">\n                    <h3>Trump D\u00f6nemi Ticaret Sava\u015flar\u0131na \u00c7in\u2019in Yakla\u015f\u0131m\u0131<\/h3>\n                    <span><\/span>\n                <\/div>\n            <\/a>\n        <\/li><li class=\"col-12 col-lg-3 py-2 past-event\">\n            <a href=\"https:\/\/jeanmonnet.29mayis.edu.tr\/impeutus\/jean-monnet-impeutus-egitim-programi\/\">\n                <div class=\"tarih\">\n                    <span class=\"gun\">22<\/span>\n                    <span class=\"ay\">May<\/span>\n                <\/div>\n                <div class=\"detay\">\n                    <h3>Jean Monnet IMPEUTUS E\u011fitim Program\u0131<\/h3>\n                    <span><\/span>\n                <\/div>\n            <\/a>\n        <\/li><\/ul> <\/div> <\/div> <\/div> <\/div>\n<\/div><\/div>\n","protected":false},"excerpt":{"rendered":"","protected":false},"author":1,"featured_media":0,"parent":0,"menu_order":0,"comment_status":"closed","ping_status":"closed","template":"","meta":{"footnotes":""},"class_list":["post-5","page","type-page","status-publish","hentry"],"_links":{"self":[{"href":"https:\/\/jeanmonnet.29mayis.edu.tr\/impeutus\/wp-json\/wp\/v2\/pages\/5","targetHints":{"allow":["GET"]}}],"collection":[{"href":"https:\/\/jeanmonnet.29mayis.edu.tr\/impeutus\/wp-json\/wp\/v2\/pages"}],"about":[{"href":"https:\/\/jeanmonnet.29mayis.edu.tr\/impeutus\/wp-json\/wp\/v2\/types\/page"}],"author":[{"embeddable":true,"href":"https:\/\/jeanmonnet.29mayis.edu.tr\/impeutus\/wp-json\/wp\/v2\/users\/1"}],"replies":[{"embeddable":true,"href":"https:\/\/jeanmonnet.29mayis.edu.tr\/impeutus\/wp-json\/wp\/v2\/comments?post=5"}],"version-history":[{"count":4,"href":"https:\/\/jeanmonnet.29mayis.edu.tr\/impeutus\/wp-json\/wp\/v2\/pages\/5\/revisions"}],"predecessor-version":[{"id":42,"href":"https:\/\/jeanmonnet.29mayis.edu.tr\/impeutus\/wp-json\/wp\/v2\/pages\/5\/revisions\/42"}],"wp:attachment":[{"href":"https:\/\/jeanmonnet.29mayis.edu.tr\/impeutus\/wp-json\/wp\/v2\/media?parent=5"}],"curies":[{"name":"wp","href":"https:\/\/api.w.org\/{rel}","templated":true}]}}